{"id":15,"date":"2022-12-23T08:02:42","date_gmt":"2022-12-23T08:02:42","guid":{"rendered":"http:\/\/taxihaugiang95.vitinhanhkhoi.com\/?page_id=15"},"modified":"2024-07-02T13:22:53","modified_gmt":"2024-07-02T06:22:53","slug":"trang-chu","status":"publish","type":"page","link":"https:\/\/taxihaugiang9595.com\/","title":{"rendered":"Trang ch\u1ee7"},"content":{"rendered":"\n\n  <div class=\"banner has-hover hide-for-medium\" id=\"banner-1736860751\">\n          <div class=\"banner-inner fill\">\n        <div class=\"banner-bg fill\" >\n            <div class=\"bg fill bg-fill \"><\/div>\n                                    \n                    <\/div><!-- bg-layers -->\n        <div class=\"banner-layers container\">\n            <div class=\"fill banner-link\"><\/div>            \n\n\n        <\/div><!-- .banner-layers -->\n      <\/div><!-- .banner-inner -->\n\n            \n<style scope=\"scope\">\n\n#banner-1736860751 {\n  padding-top: 39.5%;\n}\n#banner-1736860751 .bg.bg-loaded {\n  background-image: url(https:\/\/taxihaugiang9595.com\/wp-content\/uploads\/2022\/12\/Banner_007.jpg);\n}\n<\/style>\n  <\/div><!-- .banner -->\n\n\n\n  <div class=\"banner has-hover show-for-medium\" id=\"banner-1577642393\">\n          <div class=\"banner-inner fill\">\n        <div class=\"banner-bg fill\" >\n            <div class=\"bg fill bg-fill \"><\/div>\n                                    \n                    <\/div><!-- bg-layers -->\n        <div class=\"banner-layers container\">\n            <div class=\"fill banner-link\"><\/div>            \n\n\n        <\/div><!-- .banner-layers -->\n      <\/div><!-- .banner-inner -->\n\n            \n<style scope=\"scope\">\n\n#banner-1577642393 {\n  padding-top: 150%;\n}\n#banner-1577642393 .bg.bg-loaded {\n  background-image: url(https:\/\/taxihaugiang9595.com\/wp-content\/uploads\/2024\/07\/Banner-Mobile_V2.jpg);\n}\n\n\n@media (min-width:550px) {\n\n  #banner-1577642393 {\n    padding-top: 550px;\n  }\n\n}\n<\/style>\n  <\/div><!-- .banner -->\n\n\n\t<div id=\"gap-353032342\" class=\"gap-element clearfix\" style=\"display:block; height:auto;\">\n\t\t\n<style scope=\"scope\">\n\n#gap-353032342 {\n  padding-top: 30px;\n}\n<\/style>\n\t<\/div>\n\t\n\n<p style=\"text-align: center;\"><span style=\"color: #ed1c24;\"><strong><span style=\"font-size: 150%;\">B\u1ea2NG GI\u00c1 M\u1edaI<\/span><\/strong><\/span><\/p>\n<p style=\"text-align: center;\"><em><strong>L\u01b0u \u00fd :<\/strong> gi\u00e1 ch\u01b0a bao g\u1ed3m ph\u00ed c\u1ea7u \u0111\u01b0\u1eddng + ph\u00e0 + b\u1ebfn b\u00e3i (n\u1ebfu c\u00f3 qu\u00fd kh\u00e1ch thanh to\u00e1n)<\/em><\/p>\n[wpdatatable id=1 table_view=regular]\n\t<section class=\"section\" id=\"section_1751410590\">\n\t\t<div class=\"bg section-bg fill bg-fill  bg-loaded\" >\n\n\t\t\t\n\t\t\t<div class=\"section-bg-overlay absolute fill\"><\/div>\n\t\t\t\n\t<div class=\"is-border\"\n\t\tstyle=\"border-color:rgb(235, 235, 235);border-width:1px 0px 0px 0px;\">\n\t<\/div>\n\n\t\t<\/div><!-- .section-bg -->\n\n\t\t<div class=\"section-content relative\">\n\t\t\t\n\n<div class=\"row row-large align-middle align-center\"  id=\"row-1077437394\">\n\n<div class=\"col medium-6 small-12 large-6\"  ><div class=\"col-inner box-shadow-2 box-shadow-5-hover\" style=\"background-color:rgb(255, 255, 255);padding:15px 15px 15px 15px;margin:30px 0px 0px 0px;\" >\n\n\t<div class=\"img has-hover x md-x lg-x y md-y lg-y\" id=\"image_615603422\">\n\t\t\t\t\t\t\t\t<div class=\"img-inner dark\" >\n\t\t\t<img loading=\"lazy\" decoding=\"async\" width=\"1020\" height=\"437\" src=\"https:\/\/taxihaugiang9595.com\/wp-content\/uploads\/2022\/12\/doixeTaxi-002.jpg\" class=\"attachment-large size-large\" alt=\"\" \/>\t\t\t\t\t\t\n\t\t\t\t\t<\/div>\n\t\t\t\t\t\t\t\t\n<style scope=\"scope\">\n\n#image_615603422 {\n  width: 100%;\n}\n<\/style>\n\t<\/div>\n\t\n\n\n<\/div><\/div>\n<div class=\"col medium-6 small-12 large-6\"  ><div class=\"col-inner text-center dark\" style=\"margin:30px 0px 0px 0px;\" >\n\n<p style=\"text-align: left;\"><strong><span style=\"font-size: 130%;\">\u01afU \u0110I\u1ec2M C\u1ee6A D\u1ecaCH V\u1ee4 TAXI H\u1eacU GIANG 95<\/span><\/strong><\/p>\n<ul>\n<li style=\"text-align: left;\">G\u1ecdi l\u00e0 c\u00f3 xe ngay \u2013 Ph\u1ee5c v\u1ee5 kh\u00e1ch h\u00e0ng 24\/7.<\/li>\n<li style=\"text-align: left;\">Gi\u00e1 r\u1ebb nh\u1ea5t th\u1ecb tr\u01b0\u1eddng.<\/li>\n<li style=\"text-align: left;\">C\u00e1c d\u00f2ng xe \u0111\u1eddi m\u1edbi, sang tr\u1ecdng, s\u1ea1ch s\u1ebd.<\/li>\n<li style=\"text-align: left;\">\u0110\u1ed9i ng\u0169 t\u00e0i x\u1ebf gi\u00e0u kinh nghi\u1ec7m, l\u00e1i xe an to\u00e0n, l\u1ecbch s\u1ef1.<\/li>\n<li style=\"text-align: left;\">T\u00e0i x\u1ebf s\u1ebd \u0111\u1ebfn \u0111\u00f3n t\u1eadn n\u01a1i sau 5-10 ph\u00fat.<\/li>\n<\/ul>\n\n<\/div><\/div>\n\n\n<style scope=\"scope\">\n\n<\/style>\n<\/div>\n\n\t\t<\/div><!-- .section-content -->\n\n\t\t\n<style scope=\"scope\">\n\n#section_1751410590 {\n  padding-top: 0px;\n  padding-bottom: 0px;\n  min-height: 300px;\n  background-color: rgb(171, 171, 171);\n}\n#section_1751410590 .section-bg-overlay {\n  background-color: rgba(105, 103, 103, 0.78);\n}\n<\/style>\n\t<\/section>\n\t\n\t<section class=\"section\" id=\"section_364616513\">\n\t\t<div class=\"bg section-bg fill bg-fill  bg-loaded\" >\n\n\t\t\t\n\t\t\t\n\t\t\t\n\t<div class=\"is-border\"\n\t\tstyle=\"border-color:rgb(235, 235, 235);border-width:1px 0px 0px 0px;\">\n\t<\/div>\n\n\t\t<\/div><!-- .section-bg -->\n\n\t\t<div class=\"section-content relative\">\n\t\t\t\n\n<div class=\"row row-large align-middle align-center\"  id=\"row-1354760109\">\n\n<div class=\"col medium-6 small-12 large-6\"  ><div class=\"col-inner text-center\" style=\"margin:30px 0px 0px 0px;\" >\n\n<p><span style=\"font-size: 115%;\"><strong>T\u1ea0I SAO N\u00caN L\u1ef0A CH\u1eccN TAXI H\u1eacU GIANG 95<\/strong><\/span><\/p>\n<p>Taxi H\u1eadu Giang 95 l\u00e0 1 h\u1ec7 th\u1ed1ng bao g\u1ed3m r\u1ea5t nhi\u1ec1u t\u00e0i x\u1ebf c\u1ee7a c\u00e1c h\u00e3ng c\u00f3 t\u00ean tu\u1ed5i nh\u01b0: Taxi Mai Linh, Taxi open 99, Taxi S\u00e0i G\u00f2n, Grap Car, Taxi Gia \u0110\u00ecnh. T\u1ea1o ra 1 nh\u00f3m l\u1edbn m\u1ea1nh nh\u1edd li\u00ean k\u1ebft \u0111\u1ec3 c\u00f3 th\u1ec3 \u0111\u00e1p \u1ee9ng xe theo \u0111\u1ee7 th\u1ec3 lo\u1ea1i y\u00eau c\u1ea7u t\u1eeb nh\u1ecf \u0111\u1ebfn l\u1edbn.<\/p>\n\n<\/div><\/div>\n<div class=\"col medium-6 small-12 large-6\"  ><div class=\"col-inner box-shadow-2 box-shadow-5-hover\" style=\"background-color:rgb(255, 255, 255);padding:15px 15px 15px 15px;margin:30px 0px 0px 0px;\" >\n\n\t<div class=\"img has-hover x md-x lg-x y md-y lg-y\" id=\"image_865389091\">\n\t\t\t\t\t\t\t\t<div class=\"img-inner dark\" >\n\t\t\t<img loading=\"lazy\" decoding=\"async\" width=\"408\" height=\"212\" src=\"https:\/\/taxihaugiang9595.com\/wp-content\/uploads\/2022\/12\/Banner-hinh-xe001.jpg\" class=\"attachment-large size-large\" alt=\"\" \/>\t\t\t\t\t\t\n\t\t\t\t\t<\/div>\n\t\t\t\t\t\t\t\t\n<style scope=\"scope\">\n\n#image_865389091 {\n  width: 100%;\n}\n<\/style>\n\t<\/div>\n\t\n\n\n<\/div><\/div>\n\n\n<style scope=\"scope\">\n\n<\/style>\n<\/div>\n\n\t\t<\/div><!-- .section-content -->\n\n\t\t\n<style scope=\"scope\">\n\n#section_364616513 {\n  padding-top: 0px;\n  padding-bottom: 0px;\n  background-color: rgb(240, 240, 240);\n}\n<\/style>\n\t<\/section>\n\t\n\t<section class=\"section\" id=\"section_1219416046\">\n\t\t<div class=\"bg section-bg fill bg-fill  bg-loaded\" >\n\n\t\t\t\n\t\t\t\n\t\t\t\n\n\t\t<\/div><!-- .section-bg -->\n\n\t\t<div class=\"section-content relative\">\n\t\t\t\n\n<div class=\"row\"  id=\"row-1848658970\">\n\n<div class=\"col small-12 large-12\"  ><div class=\"col-inner\" style=\"margin:30px 0 0px 0px;\" >\n\n\t<div class=\"img has-hover x md-x lg-x y md-y lg-y\" id=\"image_582499890\">\n\t\t\t\t\t\t\t\t<div class=\"img-inner dark\" >\n\t\t\t<img loading=\"lazy\" decoding=\"async\" width=\"1020\" height=\"510\" src=\"https:\/\/taxihaugiang9595.com\/wp-content\/uploads\/2022\/12\/dichvu0003.jpg\" class=\"attachment-large size-large\" alt=\"\" \/>\t\t\t\t\t\t\n\t\t\t\t\t<\/div>\n\t\t\t\t\t\t\t\t\n<style scope=\"scope\">\n\n#image_582499890 {\n  width: 100%;\n}\n<\/style>\n\t<\/div>\n\t\n\n\n<\/div><\/div>\n\n<\/div>\n\n\t\t<\/div><!-- .section-content -->\n\n\t\t\n<style scope=\"scope\">\n\n#section_1219416046 {\n  padding-top: 0px;\n  padding-bottom: 0px;\n  background-color: #446084;\n}\n<\/style>\n\t<\/section>\n\t\n\t<section class=\"section\" id=\"section_1483020007\">\n\t\t<div class=\"bg section-bg fill bg-fill  bg-loaded\" >\n\n\t\t\t\n\t\t\t<div class=\"section-bg-overlay absolute fill\"><\/div>\n\t\t\t\n\t<div class=\"is-border\"\n\t\tstyle=\"border-color:rgb(235, 235, 235);border-width:1px 0px 0px 0px;\">\n\t<\/div>\n\n\t\t<\/div><!-- .section-bg -->\n\n\t\t<div class=\"section-content relative\">\n\t\t\t\n\n<div class=\"row row-large align-middle align-center\"  id=\"row-660452103\">\n\n<div class=\"col medium-6 small-12 large-6\"  ><div class=\"col-inner box-shadow-2 box-shadow-5-hover\" style=\"background-color:rgb(255, 255, 255);padding:15px 15px 15px 15px;margin:30px 0px 0px 0px;\" >\n\n\t<div class=\"img has-hover x md-x lg-x y md-y lg-y\" id=\"image_1397508536\">\n\t\t\t\t\t\t\t\t<div class=\"img-inner dark\" >\n\t\t\t<img loading=\"lazy\" decoding=\"async\" width=\"640\" height=\"412\" src=\"https:\/\/taxihaugiang9595.com\/wp-content\/uploads\/2022\/12\/Dichvu247-001.png\" class=\"attachment-large size-large\" alt=\"\" \/>\t\t\t\t\t\t\n\t\t\t\t\t<\/div>\n\t\t\t\t\t\t\t\t\n<style scope=\"scope\">\n\n#image_1397508536 {\n  width: 100%;\n}\n<\/style>\n\t<\/div>\n\t\n\n\n<\/div><\/div>\n<div class=\"col medium-6 small-12 large-6\"  ><div class=\"col-inner text-center dark\"  >\n\n<p><span style=\"font-size: 21.6px;\"><b>D\u1ecaCH V\u1ee4 NHANH CH\u00d3NG<\/b><\/span><\/p>\n<p>G\u1ecdi ngay <strong>Taxi H\u1eadu Giang 95<\/strong> xe lu\u00f4n c\u00f3 s\u1eb5n \u0111\u1ec3 ph\u1ee5c v\u1ee5 qu\u00fd kh\u00e1ch, ph\u1ee5c v\u1ee5 chuy\u00ean nghi\u1ec7p ch\u1ea5t l\u01b0\u1ee3ng 24\/24 v\u00e0 gi\u00e1 c\u01b0\u1edbc si\u00eau r\u1ebb.<\/p>\n\n<\/div><\/div>\n\n\n<style scope=\"scope\">\n\n<\/style>\n<\/div>\n\n\t\t<\/div><!-- .section-content -->\n\n\t\t\n<style scope=\"scope\">\n\n#section_1483020007 {\n  padding-top: 0px;\n  padding-bottom: 0px;\n  min-height: 300px;\n  background-color: rgb(171, 171, 171);\n}\n#section_1483020007 .section-bg-overlay {\n  background-color: rgba(0, 0, 0, 0.78);\n}\n<\/style>\n\t<\/section>\n\t\n\n","protected":false},"excerpt":{"rendered":"<p>B\u1ea2NG GI\u00c1 M\u1edaI L\u01b0u \u00fd : gi\u00e1 ch\u01b0a bao g\u1ed3m ph\u00ed c\u1ea7u \u0111\u01b0\u1eddng + ph\u00e0 + b\u1ebfn b\u00e3i (n\u1ebfu c\u00f3 qu\u00fd kh\u00e1ch thanh to\u00e1n) [wpdatatable id=1 table_view=regular]\n","protected":false},"author":1,"featured_media":0,"parent":0,"menu_order":0,"comment_status":"closed","ping_status":"closed","template":"page-blank.php","meta":{"footnotes":""},"class_list":["post-15","page","type-page","status-publish","hentry"],"_links":{"self":[{"href":"https:\/\/taxihaugiang9595.com\/index.php\/wp-json\/wp\/v2\/pages\/15","targetHints":{"allow":["GET"]}}],"collection":[{"href":"https:\/\/taxihaugiang9595.com\/index.php\/wp-json\/wp\/v2\/pages"}],"about":[{"href":"https:\/\/taxihaugiang9595.com\/index.php\/wp-json\/wp\/v2\/types\/page"}],"author":[{"embeddable":true,"href":"https:\/\/taxihaugiang9595.com\/index.php\/wp-json\/wp\/v2\/users\/1"}],"replies":[{"embeddable":true,"href":"https:\/\/taxihaugiang9595.com\/index.php\/wp-json\/wp\/v2\/comments?post=15"}],"version-history":[{"count":79,"href":"https:\/\/taxihaugiang9595.com\/index.php\/wp-json\/wp\/v2\/pages\/15\/revisions"}],"predecessor-version":[{"id":200,"href":"https:\/\/taxihaugiang9595.com\/index.php\/wp-json\/wp\/v2\/pages\/15\/revisions\/200"}],"wp:attachment":[{"href":"https:\/\/taxihaugiang9595.com\/index.php\/wp-json\/wp\/v2\/media?parent=15"}],"curies":[{"name":"wp","href":"https:\/\/api.w.org\/{rel}","templated":true}]}}